{"id":3564,"date":"2026-02-05T18:01:13","date_gmt":"2026-02-05T18:01:13","guid":{"rendered":"https:\/\/getfoodid.com\/uz-zinatnes-atzinam-balstits-uztura-eksperts\/"},"modified":"2026-02-05T18:02:26","modified_gmt":"2026-02-05T18:02:26","slug":"uz-zinatnes-atzinam-balstits-uztura-eksperts","status":"publish","type":"page","link":"https:\/\/getfoodid.com\/lv\/uz-zinatnes-atzinam-balstits-uztura-eksperts\/","title":{"rendered":"Uz zin\u0101tnes atzi\u0146\u0101m balst\u012bts uztura eksperts"},"content":{"rendered":"\t\t<div data-elementor-type=\"wp-page\" data-elementor-id=\"3564\" class=\"elementor elementor-3564 elementor-3557\" data-elementor-post-type=\"page\">\n\t\t\t\t<div class=\"elementor-element elementor-element-c4fce2b e-con-full e-flex e-con e-parent\" data-id=\"c4fce2b\" data-element_type=\"container\" data-e-type=\"container\">\n\t\t\t\t<div class=\"elementor-element elementor-element-59a2507 elementor-widget elementor-widget-shortcode\" data-id=\"59a2507\" data-element_type=\"widget\" data-e-type=\"widget\" data-widget_type=\"shortcode.default\">\n\t\t\t\t\t\t\t<div class=\"elementor-shortcode\"><iframe src=\"https:\/\/expert-nutrition-chat.lovable.app\"\n                      width=\"100%\"\n                      height=\"600px\"\n                      frameborder=\"0\"\n                      style=\"border-radius:12px;overflow:hidden;\"><\/iframe><\/div>\n\t\t\t\t\t\t<\/div>\n\t\t\t\t<\/div>\n\t\t\t\t<\/div>\n\t\t","protected":false},"excerpt":{"rendered":"","protected":false},"author":3,"featured_media":0,"parent":0,"menu_order":0,"comment_status":"closed","ping_status":"closed","template":"","meta":{"_acf_changed":false,"footnotes":""},"class_list":["post-3564","page","type-page","status-publish"],"acf":[],"aioseo_notices":[],"_links":{"self":[{"href":"https:\/\/getfoodid.com\/lv\/wp-json\/wp\/v2\/pages\/3564","targetHints":{"allow":["GET"]}}],"collection":[{"href":"https:\/\/getfoodid.com\/lv\/wp-json\/wp\/v2\/pages"}],"about":[{"href":"https:\/\/getfoodid.com\/lv\/wp-json\/wp\/v2\/types\/page"}],"author":[{"embeddable":true,"href":"https:\/\/getfoodid.com\/lv\/wp-json\/wp\/v2\/users\/3"}],"replies":[{"embeddable":true,"href":"https:\/\/getfoodid.com\/lv\/wp-json\/wp\/v2\/comments?post=3564"}],"version-history":[{"count":3,"href":"https:\/\/getfoodid.com\/lv\/wp-json\/wp\/v2\/pages\/3564\/revisions"}],"predecessor-version":[{"id":3567,"href":"https:\/\/getfoodid.com\/lv\/wp-json\/wp\/v2\/pages\/3564\/revisions\/3567"}],"wp:attachment":[{"href":"https:\/\/getfoodid.com\/lv\/wp-json\/wp\/v2\/media?parent=3564"}],"curies":[{"name":"wp","href":"https:\/\/api.w.org\/{rel}","templated":true}]}}