{"id":3318,"date":"2025-08-02T13:29:16","date_gmt":"2025-08-02T13:29:16","guid":{"rendered":"https:\/\/getfoodid.com\/ar-foodid-marketi-produkti-no-tiessaistes-veikaliem\/"},"modified":"2025-08-02T13:29:16","modified_gmt":"2025-08-02T13:29:16","slug":"ar-foodid-marketi-produkti-no-tiessaistes-veikaliem","status":"publish","type":"page","link":"https:\/\/getfoodid.com\/lv\/ar-foodid-marketi-produkti-no-tiessaistes-veikaliem\/","title":{"rendered":"Ar FoodID mar\u0137\u0113ti produkti no tie\u0161saistes veikaliem"},"content":{"rendered":"","protected":false},"excerpt":{"rendered":"","protected":false},"author":3,"featured_media":0,"parent":0,"menu_order":0,"comment_status":"closed","ping_status":"closed","template":"page-e-pood.php","meta":{"_acf_changed":false,"footnotes":""},"class_list":["post-3318","page","type-page","status-publish"],"acf":[],"aioseo_notices":[],"_links":{"self":[{"href":"https:\/\/getfoodid.com\/lv\/wp-json\/wp\/v2\/pages\/3318","targetHints":{"allow":["GET"]}}],"collection":[{"href":"https:\/\/getfoodid.com\/lv\/wp-json\/wp\/v2\/pages"}],"about":[{"href":"https:\/\/getfoodid.com\/lv\/wp-json\/wp\/v2\/types\/page"}],"author":[{"embeddable":true,"href":"https:\/\/getfoodid.com\/lv\/wp-json\/wp\/v2\/users\/3"}],"replies":[{"embeddable":true,"href":"https:\/\/getfoodid.com\/lv\/wp-json\/wp\/v2\/comments?post=3318"}],"version-history":[{"count":0,"href":"https:\/\/getfoodid.com\/lv\/wp-json\/wp\/v2\/pages\/3318\/revisions"}],"wp:attachment":[{"href":"https:\/\/getfoodid.com\/lv\/wp-json\/wp\/v2\/media?parent=3318"}],"curies":[{"name":"wp","href":"https:\/\/api.w.org\/{rel}","templated":true}]}}